{"id":833,"date":"2021-08-13T13:12:09","date_gmt":"2021-08-13T10:12:09","guid":{"rendered":"https:\/\/www.mimasbeauty.com\/wordpress\/?page_id=833"},"modified":"2023-09-29T08:46:41","modified_gmt":"2023-09-29T05:46:41","slug":"tietoa-palveluista","status":"publish","type":"page","link":"https:\/\/www.mimasbeauty.com\/wordpress\/tietoa-palveluista\/","title":{"rendered":"Tietoa palveluista"},"content":{"rendered":"\t\t<div data-elementor-type=\"wp-page\" data-elementor-id=\"833\" class=\"elementor elementor-833\">\n\t\t\t\t\t\t<section class=\"elementor-section elementor-top-section elementor-element elementor-element-49065e5f elementor-section-full_width elementor-section-height-default elementor-section-height-default\" data-id=\"49065e5f\" data-element_type=\"section\" data-settings=\"{&quot;background_background&quot;:&quot;classic&quot;}\">\n\t\t\t\t\t\t<div class=\"elementor-container elementor-column-gap-default\">\n\t\t\t\t\t<div class=\"elementor-column elementor-col-100 elementor-top-column elementor-element elementor-element-64878a9d\" data-id=\"64878a9d\" data-element_type=\"column\" data-settings=\"{&quot;background_background&quot;:&quot;classic&quot;}\">\n\t\t\t<div class=\"elementor-widget-wrap elementor-element-populated\">\n\t\t\t\t\t\t<div class=\"elementor-element elementor-element-7618ac21 elementor-widget elementor-widget-heading\" data-id=\"7618ac21\" data-element_type=\"widget\" data-widget_type=\"heading.default\">\n\t\t\t\t<div class=\"elementor-widget-container\">\n\t\t\t\t\t<h2 class=\"elementor-heading-title elementor-size-large\">Tietoa palveluista<\/h2>\t\t\t\t<\/div>\n\t\t\t\t<\/div>\n\t\t\t\t<div class=\"elementor-element elementor-element-bc463a0 elementor-widget elementor-widget-text-editor\" data-id=\"bc463a0\" data-element_type=\"widget\" data-widget_type=\"text-editor.default\">\n\t\t\t\t<div class=\"elementor-widget-container\">\n\t\t\t\t\t\t\t\t\t<h4><span style=\"color: #dec3c3;\">Rakennekynnet \/ Geelikynnet<\/span><\/h4><ul><li>Geelitekniikalla tehdyt rakennekynnet, jossa omaa kyntt\u00e4 pidennet\u00e4\u00e4n ja vahvistetaan UV-kovetteisen rakennegeelin avulla.<\/li><li>Sopii Sinulle, mik\u00e4li haluat kynteesi lis\u00e4\u00e4 pituutta sek\u00e4 vahvuutta.<\/li><li>Rakennekynnet kest\u00e4\u00e4 hyv\u00e4n\u00e4 noin 4 viikkoa, jonka j\u00e4lkeen ne tulee huoltaa tai poistaa hoitolassa.<\/li><li>Valitse ajanvarauksesta kynnet haluamallasi koristelulla,<\/li><\/ul><h4><span style=\"color: #dec3c3;\">Geelilakkaus:<\/span><\/h4><ul><li>Geelilakkauksessa luonnonkynsi pinnoitetaan UV-kovetteisella geelilakalla.<\/li><li>Sopii Sinulle, mik\u00e4li haluat kynsiisi yksiv\u00e4risen, kynsilakkausta vastaavan tyylin kest\u00e4v\u00e4mp\u00e4n\u00e4 vaihtoehtona.<\/li><li>Geelilakkauksessa kynteen ei rakenneta lis\u00e4\u00e4 pituutta tai paksuutta.<\/li><li>Geelilakkaus kest\u00e4\u00e4 kynnell\u00e4 noin 3 viikkoa, jonka j\u00e4lkeen se tulee poistaa tai huoltaa hoitolassa.<\/li><\/ul><h4><span style=\"color: #dec3c3; font-size: 1.33333rem; font-style: inherit;\">Suihkurusketus<\/span><\/h4><ul><li>Suihkurusketus toimii itseruskettavien tavoin: rusketustuotteen sis\u00e4lt\u00e4m\u00e4 dihydroksiasetoni (DHA) reagoi ihon pintakerroksen aminohappojen kanssa muodostaen iholle keinotekoisen rusketuksen.<\/li><li>Suihkurusketus ei suojaa ihoa auringolta.<\/li><li>Iho on hyv\u00e4 kuoria samalla viikolla ennen rusketukseen tuloa. Ihoa on my\u00f6s hyv\u00e4\u00a0 kosteuttaa &#8211; rusketus levittyy t\u00e4ll\u00f6in tasaisemmin ja kuluu iholta kauniimmin pois.<\/li><li>Rusketus levitet\u00e4\u00e4n aina puhtaalle ja kuivalle iholle: muistathan siis tulla palveluun ilman meikki\u00e4, ihovoiteita tai deodoranttia.<\/li><li>Rusketusaine vaikuttaa iholla 6-8 tuntia, jonka j\u00e4lkeen se pest\u00e4\u00e4n pois. T\u00e4n\u00e4 aikana hikoilua ja pesua tulee v\u00e4ltt\u00e4\u00e4.<\/li><li>Rusketus kest\u00e4\u00e4 iholla 5-7 p\u00e4iv\u00e4\u00e4.<\/li><\/ul><h4><span style=\"color: #dec3c3;\">Klassinen ripsipidennys<\/span><\/h4><ul><li>Klassisessa ripsipidennyksess\u00e4 ripsiin liimataan ripsikuituja 1:1 -tekniikalla.<\/li><li>Klassisessa pidennyksess\u00e4 on mahdollista tehd\u00e4 omiin ripsiin lis\u00e4\u00e4 pituutta.<\/li><li>Ripsikuidut liimataan noin 0,5 mm p\u00e4\u00e4h\u00e4n oman ripsen tyvest\u00e4. T\u00e4ll\u00f6in kuidut eiv\u00e4t osu ihoon, eiv\u00e4tk\u00e4 vahingoita oman ripsen luonnollista kasvua.<\/li><li>Klassisia ripsi\u00e4 tulee huoltaa noin 3-4 viikon v\u00e4lein. Huollossa tippuneiden ripsien tilalle kiinnitet\u00e4\u00e4n uudet ripsikuidut ja irroitetaan tarvittaessa vanhoja pitk\u00e4lle kasvaneita kuituja, jotka korvataan uusilla pidennyskuiduilla.<\/li><li>Luonnollisia ripsi\u00e4 irtoilee p\u00e4ivitt\u00e4in &#8211; on siis normaalia, ett\u00e4 ripsikuituja irtoaa p\u00e4ivitt\u00e4in oman ripsen tippuessa pois.<\/li><\/ul><h4><span style=\"color: #dec3c3;\">Volyymiripset<\/span><\/h4><ul><li>Volyymiripsipidennyksess\u00e4 ripsiin liimataan kevyit\u00e4 ripsikuituviuhkoja.<\/li><li>Volyymiripsipidennyksess\u00e4 on mahdollista tehd\u00e4 omiin ripsiin lis\u00e4\u00e4 pituutta ja tuuheutta.<\/li><li>Ripsikuituviuhkat liimataan noin 0,5 mm p\u00e4\u00e4h\u00e4n ripsen tyvest\u00e4. T\u00e4ll\u00f6in kuidut eiv\u00e4t osu ihoon, eiv\u00e4tk\u00e4 vahingoita oman ripsen luonnollista kasvua.<\/li><li>Ripsipidennyst\u00e4 tulee huoltaa noin 3-4 viikon v\u00e4lein. Huollossa tippuneiden viuhkojen tilalle kiinnitet\u00e4\u00e4n uudet ripsikuituviuhkat ja irroitetaan tarvittaessa pitk\u00e4lle kasvaneet kuidut.<\/li><li>Luonnollisia ripsi\u00e4 irtoilee p\u00e4ivitt\u00e4in, on siis normaalia, ett\u00e4 viuhkoja irtoaa p\u00e4ivitt\u00e4in oman ripsen tippuessa pois.<\/li><\/ul><h4><span style=\"color: #dec3c3;\">Hybridiripset<\/span><\/h4><ul><li>Hybridiripset ovat klassisen ja volyymitekniikan sekoitus.<\/li><li>Hybridiripsiss\u00e4 liimataan siis klassisia ripsikuituja sek\u00e4 ripsiviuhkoja.<\/li><li>Hybridiripsill\u00e4 on mahdollista aikaansaada ns. &#8221;rikottu look&#8221;.<\/li><li>Hybridiripset tulee huoltaa samoin kuin muutkin ripsipidennykset.<\/li><\/ul><div><h4><span style=\"color: #dec3c3; font-size: 1.33333rem; font-style: inherit;\">Kulmien laminointi<\/span><\/h4><ul><li>Kulmien laminointi, joka tunnetaan my\u00f6s nimell\u00e4 &#8221;brow lift&#8221; on omien kulmakarvojen k\u00e4sittely, joka antaa kulmille huolitellun ja siistin ulkon\u00e4\u00f6n.<\/li><li>Sopii sinulle, mik\u00e4li haluat saada tasaisen ja siistin kulmien muodon tai lis\u00e4\u00e4 volyymin tunnetta kulmiisi.<\/li><li>Laminointi helpottaa omien kulmien muotoilua ja meikkausta my\u00f6s kotona.<\/li><li>Palvelun yhteydess\u00e4 omat kulmakarvat muotoillaan nyppien ja v\u00e4rj\u00e4t\u00e4\u00e4n.<\/li><li>K\u00e4sittelyn j\u00e4lkeen omia kulmia ei saa kastella v\u00e4hint\u00e4\u00e4n 24 tuntiin.<\/li><li>Halutun lopputulosen s\u00e4ilytt\u00e4miseksi omia kulmia tulee harjata haluttuun muotoon ulos ja yl\u00f6sp\u00e4in.<\/li><li>K\u00e4sittely voidaan toistaa aikaisintaan 2kk j\u00e4lkeen edellisest\u00e4 kerrasta.<\/li><\/ul><h4><span style=\"color: #dec3c3; font-size: 1.33333rem; font-style: inherit;\">Ripsien kestotaivutus \/ Lash Lift<\/span><\/h4><ul><li>Ripsien kestotaivutus antaa ripsillesi kaarevuutta ja nostetta, joka kest\u00e4\u00e4 useita viikkoja.<\/li><li>Kestotaivutus saa omat ripset n\u00e4ytt\u00e4m\u00e4\u00e4n pidemmilt\u00e4, kaarevammilta ja avarammilta ilman ripsiv\u00e4ri\u00e4 tai ripsienpidennyksi\u00e4.<\/li><li>K\u00e4sittelyss\u00e4 omat ripset v\u00e4rj\u00e4t\u00e4\u00e4n.<\/li><li>Ripsien kestotaivutuksen j\u00e4lkeen omia ripsi\u00e4 ei saa kastella v\u00e4hint\u00e4\u00e4n 24 tuntiin.<\/li><li>Halutun lopputuloksen s\u00e4ilytt\u00e4miseksi k\u00e4sittely tulee uusia noin 2-3 kk v\u00e4lein.<\/li><\/ul><\/div>\t\t\t\t\t\t\t\t<\/div>\n\t\t\t\t<\/div>\n\t\t\t\t\t<\/div>\n\t\t<\/div>\n\t\t\t\t\t<\/div>\n\t\t<\/section>\n\t\t\t\t<\/div>\n\t\t","protected":false},"excerpt":{"rendered":"<p>Tietoa palveluista Rakennekynnet \/ Geelikynnet Geelitekniikalla tehdyt rakennekynnet, jossa omaa kyntt\u00e4 pidennet\u00e4\u00e4n ja vahvistetaan UV-kovetteisen rakennegeelin avulla. Sopii Sinulle, mik\u00e4li haluat kynteesi lis\u00e4\u00e4 pituutta sek\u00e4 vahvuutta. Rakennekynnet kest\u00e4\u00e4 hyv\u00e4n\u00e4 noin 4 viikkoa, jonka j\u00e4lkeen ne tulee huoltaa tai poistaa hoitolassa. Valitse ajanvarauksesta kynnet haluamallasi koristelulla, Geelilakkaus: Geelilakkauksessa luonnonkynsi pinnoitetaan UV-kovetteisella geelilakalla. Sopii Sinulle, mik\u00e4li haluat [&hellip;]<\/p>\n","protected":false},"author":3,"featured_media":0,"parent":0,"menu_order":0,"comment_status":"closed","ping_status":"closed","template":"","meta":{"site-sidebar-layout":"no-sidebar","site-content-layout":"page-builder","ast-site-content-layout":"default","site-content-style":"default","site-sidebar-style":"default","ast-global-header-display":"","ast-banner-title-visibility":"","ast-main-header-display":"","ast-hfb-above-header-display":"","ast-hfb-below-header-display":"","ast-hfb-mobile-header-display":"","site-post-title":"disabled","ast-breadcrumbs-content":"","ast-featured-img":"disabled","footer-sml-layout":"","theme-transparent-header-meta":"default","adv-header-id-meta":"","stick-header-meta":"","header-above-stick-meta":"","header-main-stick-meta":"","header-below-stick-meta":"","astra-migrate-meta-layouts":"default","ast-page-background-enabled":"default","ast-page-background-meta":{"desktop":{"background-color":"","background-image":"","background-repeat":"repeat","background-position":"center center","background-size":"auto","background-attachment":"scroll","background-type":"","background-media":"","overlay-type":"","overlay-color":"","overlay-opacity":"","overlay-gradient":""},"tablet":{"background-color":"","background-image":"","background-repeat":"repeat","background-position":"center center","background-size":"auto","background-attachment":"scroll","background-type":"","background-media":"","overlay-type":"","overlay-color":"","overlay-opacity":"","overlay-gradient":""},"mobile":{"background-color":"","background-image":"","background-repeat":"repeat","background-position":"center center","background-size":"auto","background-attachment":"scroll","background-type":"","background-media":"","overlay-type":"","overlay-color":"","overlay-opacity":"","overlay-gradient":""}},"ast-content-background-meta":{"desktop":{"background-color":"var(--ast-global-color-5)","background-image":"","background-repeat":"repeat","background-position":"center center","background-size":"auto","background-attachment":"scroll","background-type":"","background-media":"","overlay-type":"","overlay-color":"","overlay-opacity":"","overlay-gradient":""},"tablet":{"background-color":"var(--ast-global-color-5)","background-image":"","background-repeat":"repeat","background-position":"center center","background-size":"auto","background-attachment":"scroll","background-type":"","background-media":"","overlay-type":"","overlay-color":"","overlay-opacity":"","overlay-gradient":""},"mobile":{"background-color":"var(--ast-global-color-5)","background-image":"","background-repeat":"repeat","background-position":"center center","background-size":"auto","background-attachment":"scroll","background-type":"","background-media":"","overlay-type":"","overlay-color":"","overlay-opacity":"","overlay-gradient":""}},"footnotes":""},"class_list":["post-833","page","type-page","status-publish","hentry"],"_links":{"self":[{"href":"https:\/\/www.mimasbeauty.com\/wordpress\/wp-json\/wp\/v2\/pages\/833","targetHints":{"allow":["GET"]}}],"collection":[{"href":"https:\/\/www.mimasbeauty.com\/wordpress\/wp-json\/wp\/v2\/pages"}],"about":[{"href":"https:\/\/www.mimasbeauty.com\/wordpress\/wp-json\/wp\/v2\/types\/page"}],"author":[{"embeddable":true,"href":"https:\/\/www.mimasbeauty.com\/wordpress\/wp-json\/wp\/v2\/users\/3"}],"replies":[{"embeddable":true,"href":"https:\/\/www.mimasbeauty.com\/wordpress\/wp-json\/wp\/v2\/comments?post=833"}],"version-history":[{"count":53,"href":"https:\/\/www.mimasbeauty.com\/wordpress\/wp-json\/wp\/v2\/pages\/833\/revisions"}],"predecessor-version":[{"id":1310,"href":"https:\/\/www.mimasbeauty.com\/wordpress\/wp-json\/wp\/v2\/pages\/833\/revisions\/1310"}],"wp:attachment":[{"href":"https:\/\/www.mimasbeauty.com\/wordpress\/wp-json\/wp\/v2\/media?parent=833"}],"curies":[{"name":"wp","href":"https:\/\/api.w.org\/{rel}","templated":true}]}}